{"id":74,"date":"2015-06-15T11:20:06","date_gmt":"2015-06-15T10:20:06","guid":{"rendered":"https:\/\/www.varnagy.com\/?page_id=74&#038;lang=en"},"modified":"2015-09-10T14:40:56","modified_gmt":"2015-09-10T13:40:56","slug":"parcours-professionnel","status":"publish","type":"page","link":"https:\/\/www.varnagy.com\/en\/parcours-professionnel\/","title":{"rendered":"Carreer"},"content":{"rendered":"<h1>Zsofia Varnagy<\/h1>\n<p><span class=\"semi-bold\"><span style=\"color: #333333; font-size: 13px;\">Hungarian interior designer, living and working in Paris\u00a0.\u00a0\u00a0\u00a0\u00a0\u00a0\u00a0\u00a0\u00a0\u00a0 <\/span><\/span><\/p>\n<h2><strong><span id=\"LT\" class=\"ellipsis_text\" dir=\"ltr\">EDUCATION<\/span><\/strong><\/h2>\n<ul style=\"list-style-type: circle;\">\n<li>Cours de la Civilisation Fran\u00e7aise &#8211; Sorbonne Paris 1992.<\/li>\n<li>Dipl\u00f4me of Marketing et Publicit\u00e9 &#8211; KOTK Budapest 1994.<\/li>\n<li>Dipl\u00f4me of Interior and Furniture Design\u00a0&#8211; GRETA des Arts Appliqu\u00e9s\u00a0Ecole Boulle\u00a0Paris 1998.<\/li>\n<li><span class=\"sel\">Certificate of competence <\/span>&#8211; CFAI\u00a02003.<\/li>\n<\/ul>\n<h2><strong><span id=\"LT\" class=\"ellipsis_text\" dir=\"ltr\">CAREER PATHWAY<\/span><\/strong><\/h2>\n<p>After\u00a0many years of collaboration with designers and architects, as Didier Gomez at\u00a0Agence ORY-GOMEZ, Philippe Starck\u00a0at\u00a0Agence STARCK, Claudio Colucci at CCD and Axel Schoenert at AS architectes, Zsofia\u00a0opened her own interior design\u00a0office in April 2014 in Paris. She takes great interest that each project has his own identity with a special personal touch, combining the Client&#8217;s wishes and spaces she creates. Zsofia likes to play with formes, colors and materials to create unique and harmonious <span id=\"LT\" class=\"ellipsis_text\" dir=\"ltr\">atmosph\u00e8res<\/span>.\u00a0She has a passion\u00a0for d\u00e9tails, and takes great care of finishes and the choice of materials to <span class=\"sel\">highlight<\/span> the quality and the comfort in her interior and furniture design projects.<\/p>\n<p>Inspired by everything, Zsofia likes to amaze and surprise. <span class=\"sel\">Animated by a great curiosity, s<\/span>he&#8217;s permanently\u00a0looking for <span id=\"LST\" class=\"ellipsis_text\" dir=\"ltr\">hot picks and novelties\u00a0<\/span>: materials, products technologies, and inventions. <span class=\"sel\">In listening to<\/span> her Clients, Zsofia\u00a0always <span class=\"sel\">puts forward <\/span>their wishes and their satisfaction.<\/p>\n","protected":false},"excerpt":{"rendered":"<p>Zsofia Varnagy Hungarian interior designer, living and working in Paris\u00a0.\u00a0\u00a0\u00a0\u00a0\u00a0\u00a0\u00a0\u00a0\u00a0 EDUCATION Cours de la Civilisation Fran\u00e7aise &#8211; Sorbonne Paris 1992. Dipl\u00f4me of Marketing et Publicit\u00e9 &#8211; KOTK Budapest 1994. Dipl\u00f4me of Interior and Furniture Design\u00a0&#8211; GRETA des Arts Appliqu\u00e9s\u00a0Ecole Boulle\u00a0Paris 1998. Certificate of competence &#8211; CFAI\u00a02003. CAREER PATHWAY After\u00a0many years of collaboration with designers and [&hellip;]<\/p>\n","protected":false},"author":1,"featured_media":924,"parent":0,"menu_order":0,"comment_status":"open","ping_status":"open","template":"","meta":{"footnotes":""},"class_list":["post-74","page","type-page","status-publish","has-post-thumbnail","hentry"],"yoast_head":"<!-- This site is optimized with the Yoast SEO plugin v15.8 - https:\/\/yoast.com\/wordpress\/plugins\/seo\/ -->\n<meta name=\"robots\" content=\"index, follow, max-snippet:-1, max-image-preview:large, max-video-preview:-1\" \/>\n<link rel=\"canonical\" href=\"https:\/\/www.varnagy.com\/en\/parcours-professionnel\/\" \/>\n<meta property=\"og:locale\" content=\"en_US\" \/>\n<meta property=\"og:type\" content=\"article\" \/>\n<meta property=\"og:title\" content=\"Carreer - Zsofia Varnagy\" \/>\n<meta property=\"og:description\" content=\"Zsofia Varnagy Hungarian interior designer, living and working in Paris\u00a0.\u00a0\u00a0\u00a0\u00a0\u00a0\u00a0\u00a0\u00a0\u00a0 EDUCATION Cours de la Civilisation Fran\u00e7aise &#8211; Sorbonne Paris 1992. Dipl\u00f4me of Marketing et Publicit\u00e9 &#8211; KOTK Budapest 1994. Dipl\u00f4me of Interior and Furniture Design\u00a0&#8211; GRETA des Arts Appliqu\u00e9s\u00a0Ecole Boulle\u00a0Paris 1998. Certificate of competence &#8211; CFAI\u00a02003. CAREER PATHWAY After\u00a0many years of collaboration with designers and [&hellip;]\" \/>\n<meta property=\"og:url\" content=\"https:\/\/www.varnagy.com\/en\/parcours-professionnel\/\" \/>\n<meta property=\"og:site_name\" content=\"Zsofia Varnagy\" \/>\n<meta property=\"article:modified_time\" content=\"2015-09-10T13:40:56+00:00\" \/>\n<meta property=\"og:image\" content=\"https:\/\/www.varnagy.com\/wp-content\/uploads\/2015\/06\/zsofia-varnagy.png\" \/>\n\t<meta property=\"og:image:width\" content=\"150\" \/>\n\t<meta property=\"og:image:height\" content=\"150\" \/>\n<meta name=\"twitter:card\" content=\"summary\" \/>\n<meta name=\"twitter:label1\" content=\"Est. reading time\">\n\t<meta name=\"twitter:data1\" content=\"1 minute\">\n<script type=\"application\/ld+json\" class=\"yoast-schema-graph\">{\"@context\":\"https:\/\/schema.org\",\"@graph\":[{\"@type\":\"WebSite\",\"@id\":\"https:\/\/www.varnagy.com\/#website\",\"url\":\"https:\/\/www.varnagy.com\/\",\"name\":\"Zsofia Varnagy\",\"description\":\"Interior designer\",\"potentialAction\":[{\"@type\":\"SearchAction\",\"target\":\"https:\/\/www.varnagy.com\/?s={search_term_string}\",\"query-input\":\"required name=search_term_string\"}],\"inLanguage\":\"en-US\"},{\"@type\":\"ImageObject\",\"@id\":\"https:\/\/www.varnagy.com\/en\/parcours-professionnel\/#primaryimage\",\"inLanguage\":\"en-US\",\"url\":\"https:\/\/www.varnagy.com\/wp-content\/uploads\/2015\/06\/zsofia-varnagy.png\",\"width\":150,\"height\":150},{\"@type\":\"WebPage\",\"@id\":\"https:\/\/www.varnagy.com\/en\/parcours-professionnel\/#webpage\",\"url\":\"https:\/\/www.varnagy.com\/en\/parcours-professionnel\/\",\"name\":\"Carreer - Zsofia Varnagy\",\"isPartOf\":{\"@id\":\"https:\/\/www.varnagy.com\/#website\"},\"primaryImageOfPage\":{\"@id\":\"https:\/\/www.varnagy.com\/en\/parcours-professionnel\/#primaryimage\"},\"datePublished\":\"2015-06-15T10:20:06+00:00\",\"dateModified\":\"2015-09-10T13:40:56+00:00\",\"breadcrumb\":{\"@id\":\"https:\/\/www.varnagy.com\/en\/parcours-professionnel\/#breadcrumb\"},\"inLanguage\":\"en-US\",\"potentialAction\":[{\"@type\":\"ReadAction\",\"target\":[\"https:\/\/www.varnagy.com\/en\/parcours-professionnel\/\"]}]},{\"@type\":\"BreadcrumbList\",\"@id\":\"https:\/\/www.varnagy.com\/en\/parcours-professionnel\/#breadcrumb\",\"itemListElement\":[{\"@type\":\"ListItem\",\"position\":1,\"item\":{\"@type\":\"WebPage\",\"@id\":\"https:\/\/www.varnagy.com\/en\/\",\"url\":\"https:\/\/www.varnagy.com\/en\/\",\"name\":\"Accueil\"}},{\"@type\":\"ListItem\",\"position\":2,\"item\":{\"@type\":\"WebPage\",\"@id\":\"https:\/\/www.varnagy.com\/en\/parcours-professionnel\/\",\"url\":\"https:\/\/www.varnagy.com\/en\/parcours-professionnel\/\",\"name\":\"Carreer\"}}]}]}<\/script>\n<!-- \/ Yoast SEO plugin. -->","_links":{"self":[{"href":"https:\/\/www.varnagy.com\/en\/wp-json\/wp\/v2\/pages\/74\/"}],"collection":[{"href":"https:\/\/www.varnagy.com\/en\/wp-json\/wp\/v2\/pages\/"}],"about":[{"href":"https:\/\/www.varnagy.com\/en\/wp-json\/wp\/v2\/types\/page\/"}],"author":[{"embeddable":true,"href":"https:\/\/www.varnagy.com\/en\/wp-json\/wp\/v2\/users\/1\/"}],"replies":[{"embeddable":true,"href":"https:\/\/www.varnagy.com\/en\/wp-json\/wp\/v2\/comments\/?post=74"}],"version-history":[{"count":17,"href":"https:\/\/www.varnagy.com\/en\/wp-json\/wp\/v2\/pages\/74\/revisions\/"}],"predecessor-version":[{"id":1732,"href":"https:\/\/www.varnagy.com\/en\/wp-json\/wp\/v2\/pages\/74\/revisions\/1732\/"}],"wp:featuredmedia":[{"embeddable":true,"href":"https:\/\/www.varnagy.com\/en\/wp-json\/wp\/v2\/media\/924\/"}],"wp:attachment":[{"href":"https:\/\/www.varnagy.com\/en\/wp-json\/wp\/v2\/media\/?parent=74"}],"curies":[{"name":"wp","href":"https:\/\/api.w.org\/{rel}","templated":true}]}}